{"id":46,"date":"2021-12-28T11:46:53","date_gmt":"2021-12-28T11:46:53","guid":{"rendered":"http:\/\/distrilaparmesana.com.ar\/?page_id=46"},"modified":"2022-01-03T22:05:56","modified_gmt":"2022-01-03T22:05:56","slug":"quienes-somos","status":"publish","type":"page","link":"https:\/\/distrilaparmesana.com.ar\/index.php\/quienes-somos\/","title":{"rendered":"QUI\u00c9NES SOMOS"},"content":{"rendered":"\t\t<div data-elementor-type=\"wp-page\" data-elementor-id=\"46\" class=\"elementor elementor-46\" data-elementor-settings=\"[]\">\n\t\t\t\t\t\t\t<div class=\"elementor-section-wrap\">\n\t\t\t\t\t\t\t<section class=\"elementor-section elementor-top-section elementor-element elementor-element-37c89a5 elementor-section-boxed elementor-section-height-default elementor-section-height-default\" data-id=\"37c89a5\" data-element_type=\"section\" data-settings=\"{&quot;background_background&quot;:&quot;classic&quot;}\">\n\t\t\t\t\t\t<div class=\"elementor-container elementor-column-gap-default\">\n\t\t\t\t\t<div class=\"elementor-column elementor-col-100 elementor-top-column elementor-element elementor-element-63197d9\" data-id=\"63197d9\" data-element_type=\"column\">\n\t\t\t<div class=\"elementor-widget-wrap elementor-element-populated\">\n\t\t\t\t\t\t\t\t<div class=\"elementor-element elementor-element-d0713e4 elementor-widget elementor-widget-spacer\" data-id=\"d0713e4\" data-element_type=\"widget\" data-widget_type=\"spacer.default\">\n\t\t\t\t<div class=\"elementor-widget-container\">\n\t\t\t\t\t<div class=\"elementor-spacer\">\n\t\t\t<div class=\"elementor-spacer-inner\"><\/div>\n\t\t<\/div>\n\t\t\t\t<\/div>\n\t\t\t\t<\/div>\n\t\t\t\t<div class=\"elementor-element elementor-element-78a7e3c elementor-widget elementor-widget-heading\" data-id=\"78a7e3c\" data-element_type=\"widget\" data-widget_type=\"heading.default\">\n\t\t\t\t<div class=\"elementor-widget-container\">\n\t\t\t<h2 class=\"elementor-heading-title elementor-size-default\">\u00bfQui\u00e9nes Somos?<\/h2>\t\t<\/div>\n\t\t\t\t<\/div>\n\t\t\t\t<div class=\"elementor-element elementor-element-9dee060 elementor-widget elementor-widget-spacer\" data-id=\"9dee060\" data-element_type=\"widget\" data-widget_type=\"spacer.default\">\n\t\t\t\t<div class=\"elementor-widget-container\">\n\t\t\t\t\t<div class=\"elementor-spacer\">\n\t\t\t<div class=\"elementor-spacer-inner\"><\/div>\n\t\t<\/div>\n\t\t\t\t<\/div>\n\t\t\t\t<\/div>\n\t\t\t\t<div class=\"elementor-element elementor-element-9606b42 elementor-widget elementor-widget-text-editor\" data-id=\"9606b42\" data-element_type=\"widget\" data-widget_type=\"text-editor.default\">\n\t\t\t\t<div class=\"elementor-widget-container\">\n\t\t\t\t\t\t\t\t<p>DistriLaParmesana nace como una peque\u00f1a empresa familiar en el a\u00f1o 2009 con el firme deseo de convertirla en un proyecto s\u00f3lido, seguro y perdurable en el tiempo.<\/p>\t\t\t\t\t\t<\/div>\n\t\t\t\t<\/div>\n\t\t\t\t<div class=\"elementor-element elementor-element-0079157 elementor-widget elementor-widget-text-editor\" data-id=\"0079157\" data-element_type=\"widget\" data-widget_type=\"text-editor.default\">\n\t\t\t\t<div class=\"elementor-widget-container\">\n\t\t\t\t\t\t\t\t<p>Durante los primeros a\u00f1os, nos dedicamos a la venta y distribuci\u00f3n de productos de La Parmesana, lo que nos permiti\u00f3 tomar experiencia en el rubro y no solo expandirnos como empresa, sino que tambi\u00e9n ampliar nuestro servicio abarcando todo el canal tradicional y mayorista.<\/p>\t\t\t\t\t\t<\/div>\n\t\t\t\t<\/div>\n\t\t\t\t<div class=\"elementor-element elementor-element-8b8ef33 elementor-widget elementor-widget-text-editor\" data-id=\"8b8ef33\" data-element_type=\"widget\" data-widget_type=\"text-editor.default\">\n\t\t\t\t<div class=\"elementor-widget-container\">\n\t\t\t\t\t\t\t\t<p>Actualmente contamos con una distribuci\u00f3n en todo CABA y GBA en forma directa e indirecta en el resto del pa\u00eds! <\/p>\t\t\t\t\t\t<\/div>\n\t\t\t\t<\/div>\n\t\t\t\t<div class=\"elementor-element elementor-element-1451a17 elementor-widget elementor-widget-text-editor\" data-id=\"1451a17\" data-element_type=\"widget\" data-widget_type=\"text-editor.default\">\n\t\t\t\t<div class=\"elementor-widget-container\">\n\t\t\t\t\t\t\t\t<p>Nuestra distribuci\u00f3n est\u00e1 focalizada en las Empresas La Parmesana, Bhavani, Tau, Dos Anclas, Yuspe etc.<\/p>\t\t\t\t\t\t<\/div>\n\t\t\t\t<\/div>\n\t\t\t\t<div class=\"elementor-element elementor-element-6b1cb29 elementor-widget elementor-widget-text-editor\" data-id=\"6b1cb29\" data-element_type=\"widget\" data-widget_type=\"text-editor.default\">\n\t\t\t\t<div class=\"elementor-widget-container\">\n\t\t\t\t\t\t\t\t<p>A trav\u00e9s del tiempo, fuimos atravesando distintos escenarios econ\u00f3micos que nos permitieron ver las necesidades de nuestros clientes y permitiendo as\u00ed, acompa\u00f1ar a numerosas empresas en su desarrollo de estrategias y crecimiento en el mercado. <\/p>\t\t\t\t\t\t<\/div>\n\t\t\t\t<\/div>\n\t\t\t\t<div class=\"elementor-element elementor-element-4b94239 elementor-widget elementor-widget-text-editor\" data-id=\"4b94239\" data-element_type=\"widget\" data-widget_type=\"text-editor.default\">\n\t\t\t\t<div class=\"elementor-widget-container\">\n\t\t\t\t\t\t\t\t<p>Nuestra misi\u00f3n es continuar siendo el nexo entre nuestros proveedores y clientes, sin dejar atr\u00e1s nuestros objetivos de crecimiento y ampliaci\u00f3n del portafolio de productos que nos permitan generar nuevos acuerdos comerciales y expandir las zonas de distribuci\u00f3n; para poder brindarles a nuestros clientes las mejores opciones para su desarrollo y cumplir firmemente los objetivos que compartimos con nuestros proveedores.<\/p>\t\t\t\t\t\t<\/div>\n\t\t\t\t<\/div>\n\t\t\t\t<div class=\"elementor-element elementor-element-450c2b6 elementor-widget elementor-widget-text-editor\" data-id=\"450c2b6\" data-element_type=\"widget\" data-widget_type=\"text-editor.default\">\n\t\t\t\t<div class=\"elementor-widget-container\">\n\t\t\t\t\t\t\t\t<p>El esfuerzo, la dedicaci\u00f3n, la responsabilidad y el servicio. Es fundamental Para nuestra empresa, es una gran responsabilidad ser el v\u00ednculo entre nuestros clientes y proveedores<\/p><h4 style=\"text-align: center;\"><em><strong><span style=\"color: #000000;\">DistriLaParmesana<\/span><\/strong><\/em><\/h4>\t\t\t\t\t\t<\/div>\n\t\t\t\t<\/div>\n\t\t\t\t\t<\/div>\n\t\t<\/div>\n\t\t\t\t\t\t\t<\/div>\n\t\t<\/section>\n\t\t\t\t\t\t<\/div>\n\t\t\t\t\t<\/div>\n\t\t","protected":false},"excerpt":{"rendered":"<p>\u00bfQui\u00e9nes Somos? DistriLaParmesana nace como una peque\u00f1a empresa familiar en el a\u00f1o 2009 con el firme deseo de convertirla en un proyecto s\u00f3lido, seguro y perdurable en el tiempo. Durante los primeros a\u00f1os, nos dedicamos a la venta y distribuci\u00f3n de productos de La Parmesana, lo que nos permiti\u00f3 tomar experiencia en el rubro y &hellip;<\/p>\n<p class=\"read-more\"> <a class=\"\" href=\"https:\/\/distrilaparmesana.com.ar\/index.php\/quienes-somos\/\"> <span class=\"screen-reader-text\">QUI\u00c9NES SOMOS<\/span> Leer m\u00e1s &raquo;<\/a><\/p>\n","protected":false},"author":1,"featured_media":0,"parent":0,"menu_order":0,"comment_status":"closed","ping_status":"closed","template":"","meta":{"site-sidebar-layout":"no-sidebar","site-content-layout":"page-builder","ast-main-header-display":"","ast-hfb-above-header-display":"","ast-hfb-below-header-display":"","ast-hfb-mobile-header-display":"","site-post-title":"disabled","ast-breadcrumbs-content":"","ast-featured-img":"disabled","footer-sml-layout":"","theme-transparent-header-meta":"","adv-header-id-meta":"","stick-header-meta":"","header-above-stick-meta":"","header-main-stick-meta":"","header-below-stick-meta":""},"_links":{"self":[{"href":"https:\/\/distrilaparmesana.com.ar\/index.php\/wp-json\/wp\/v2\/pages\/46"}],"collection":[{"href":"https:\/\/distrilaparmesana.com.ar\/index.php\/wp-json\/wp\/v2\/pages"}],"about":[{"href":"https:\/\/distrilaparmesana.com.ar\/index.php\/wp-json\/wp\/v2\/types\/page"}],"author":[{"embeddable":true,"href":"https:\/\/distrilaparmesana.com.ar\/index.php\/wp-json\/wp\/v2\/users\/1"}],"replies":[{"embeddable":true,"href":"https:\/\/distrilaparmesana.com.ar\/index.php\/wp-json\/wp\/v2\/comments?post=46"}],"version-history":[{"count":16,"href":"https:\/\/distrilaparmesana.com.ar\/index.php\/wp-json\/wp\/v2\/pages\/46\/revisions"}],"predecessor-version":[{"id":272,"href":"https:\/\/distrilaparmesana.com.ar\/index.php\/wp-json\/wp\/v2\/pages\/46\/revisions\/272"}],"wp:attachment":[{"href":"https:\/\/distrilaparmesana.com.ar\/index.php\/wp-json\/wp\/v2\/media?parent=46"}],"curies":[{"name":"wp","href":"https:\/\/api.w.org\/{rel}","templated":true}]}}